{"id":1556,"date":"2016-05-20T09:15:57","date_gmt":"2016-05-20T09:15:57","guid":{"rendered":"https:\/\/www.fortunaexpressz.hu\/nemzetkozi-fuvarozas\/"},"modified":"2024-12-16T12:15:09","modified_gmt":"2024-12-16T12:15:09","slug":"international-delivery","status":"publish","type":"page","link":"https:\/\/www.fortunaexpressz.hu\/en\/services\/international-delivery\/","title":{"rendered":"Intervational delivery"},"content":{"rendered":"<div class=\"wpb-content-wrapper\"><p>[vc_row type=&#8221;in_container&#8221; bg_parallax=&#8221;&#8221; color_overlay=&#8221;&#8221; vu_equal_height_columns=&#8221;&#8221; row_id=&#8221;&#8221; el_class=&#8221;&#8221;][vc_column vu_vertical_align=&#8221;middle&#8221;]\t\t<div class=\"vu_gallery vu_g-type-standard vu_lightbox vu_l-gallery vu_g-style-with-space\" data-delegate=\"a.vu_gi-lightbox\" data-layout=\"3\" data-space=\"10\">\r\n\t\t\t<div class=\"vu_g-items\">\r\n\t\t\t\t\t\t\t\t\t<div class=\"vu_g-item col-md-4 col-sm-6 col-xs-6 col-tn-12\">\r\n\t\t\r\n\t\t\t<div class=\"vu_gallery-item\">\r\n\t\t\t\t\t\t\t\t\t<div class=\"vu_gi-image\">\r\n\t\t\t\t\t\t<img loading=\"lazy\" decoding=\"async\" width=\"600\" height=\"600\" src=\"https:\/\/www.fortunaexpressz.hu\/wp-content\/uploads\/2021\/07\/Fortuna-3-b-1.jpg\" class=\"attachment-transpress_ratio-1:1 size-transpress_ratio-1:1\" alt=\"\" srcset=\"https:\/\/www.fortunaexpressz.hu\/wp-content\/uploads\/2021\/07\/Fortuna-3-b-1.jpg 600w, https:\/\/www.fortunaexpressz.hu\/wp-content\/uploads\/2021\/07\/Fortuna-3-b-1-150x150.jpg 150w, https:\/\/www.fortunaexpressz.hu\/wp-content\/uploads\/2021\/07\/Fortuna-3-b-1-300x300.jpg 300w, https:\/\/www.fortunaexpressz.hu\/wp-content\/uploads\/2021\/07\/Fortuna-3-b-1-100x100.jpg 100w\" sizes=\"auto, (max-width: 600px) 100vw, 600px\" \/>\t\t\t\t\t<\/div>\r\n\t\t\t\t\t\t\t\t<div class=\"vu_gi-details-container vu_gi-empty\">\r\n\t\t\t\t\t<div class=\"vu_gi-details\">\r\n\t\t\t\t\t\t\t\t\t\t\t\t\t<a href=\"https:\/\/www.fortunaexpressz.hu\/wp-content\/uploads\/2021\/07\/Fortuna-3-b-1.jpg\" title=\"\" class=\"vu_gi-lightbox vu_gi-content-container\">\r\n\t\t\t\t\t\t\t\t\t\t\t\t\t\t<span class=\"vu_gi-content\">\r\n\t\t\t\t\t\t\t\t\t\t\t\t\t\t\t\t\t\t\t\t\t\t\t\t\t\t<\/span>\r\n\t\t\t\t\t\t\t\t\t\t\t\t\t<\/a>\r\n\t\t\t\t\t\t\t\t\t\t\t<\/div>\r\n\t\t\t\t<\/div>\r\n\t\t\t<\/div>\r\n\r\n\t\t<\/div>\t\t\t\t\t\t<div class=\"vu_g-item col-md-4 col-sm-6 col-xs-6 col-tn-12\">\r\n\t\t\r\n\t\t\t<div class=\"vu_gallery-item\">\r\n\t\t\t\t\t\t\t\t\t<div class=\"vu_gi-image\">\r\n\t\t\t\t\t\t<img loading=\"lazy\" decoding=\"async\" width=\"600\" height=\"600\" src=\"https:\/\/www.fortunaexpressz.hu\/wp-content\/uploads\/2021\/07\/fortuna-1-b-1.jpg\" class=\"attachment-transpress_ratio-1:1 size-transpress_ratio-1:1\" alt=\"\" srcset=\"https:\/\/www.fortunaexpressz.hu\/wp-content\/uploads\/2021\/07\/fortuna-1-b-1.jpg 600w, https:\/\/www.fortunaexpressz.hu\/wp-content\/uploads\/2021\/07\/fortuna-1-b-1-150x150.jpg 150w, https:\/\/www.fortunaexpressz.hu\/wp-content\/uploads\/2021\/07\/fortuna-1-b-1-300x300.jpg 300w, https:\/\/www.fortunaexpressz.hu\/wp-content\/uploads\/2021\/07\/fortuna-1-b-1-100x100.jpg 100w\" sizes=\"auto, (max-width: 600px) 100vw, 600px\" \/>\t\t\t\t\t<\/div>\r\n\t\t\t\t\t\t\t\t<div class=\"vu_gi-details-container vu_gi-empty\">\r\n\t\t\t\t\t<div class=\"vu_gi-details\">\r\n\t\t\t\t\t\t\t\t\t\t\t\t\t<a href=\"https:\/\/www.fortunaexpressz.hu\/wp-content\/uploads\/2021\/07\/fortuna-1-b-1.jpg\" title=\"\" class=\"vu_gi-lightbox vu_gi-content-container\">\r\n\t\t\t\t\t\t\t\t\t\t\t\t\t\t<span class=\"vu_gi-content\">\r\n\t\t\t\t\t\t\t\t\t\t\t\t\t\t\t\t\t\t\t\t\t\t\t\t\t\t<\/span>\r\n\t\t\t\t\t\t\t\t\t\t\t\t\t<\/a>\r\n\t\t\t\t\t\t\t\t\t\t\t<\/div>\r\n\t\t\t\t<\/div>\r\n\t\t\t<\/div>\r\n\r\n\t\t<\/div>\t\t\t\t\t\t<div class=\"vu_g-item col-md-4 col-sm-6 col-xs-6 col-tn-12\">\r\n\t\t\r\n\t\t\t<div class=\"vu_gallery-item\">\r\n\t\t\t\t\t\t\t\t\t<div class=\"vu_gi-image\">\r\n\t\t\t\t\t\t<img loading=\"lazy\" decoding=\"async\" width=\"450\" height=\"450\" src=\"https:\/\/www.fortunaexpressz.hu\/wp-content\/uploads\/2021\/11\/fortuna-honlap-14-450x450.jpg\" class=\"attachment-transpress_ratio-3:4 size-transpress_ratio-3:4\" alt=\"\" srcset=\"https:\/\/www.fortunaexpressz.hu\/wp-content\/uploads\/2021\/11\/fortuna-honlap-14-450x450.jpg 450w, https:\/\/www.fortunaexpressz.hu\/wp-content\/uploads\/2021\/11\/fortuna-honlap-14-150x150.jpg 150w\" sizes=\"auto, (max-width: 450px) 100vw, 450px\" \/>\t\t\t\t\t<\/div>\r\n\t\t\t\t\t\t\t\t<div class=\"vu_gi-details-container vu_gi-empty\">\r\n\t\t\t\t\t<div class=\"vu_gi-details\">\r\n\t\t\t\t\t\t\t\t\t\t\t\t\t<a href=\"https:\/\/www.fortunaexpressz.hu\/wp-content\/uploads\/2021\/11\/fortuna-honlap-14.jpg\" title=\"\" class=\"vu_gi-lightbox vu_gi-content-container\">\r\n\t\t\t\t\t\t\t\t\t\t\t\t\t\t<span class=\"vu_gi-content\">\r\n\t\t\t\t\t\t\t\t\t\t\t\t\t\t\t\t\t\t\t\t\t\t\t\t\t\t<\/span>\r\n\t\t\t\t\t\t\t\t\t\t\t\t\t<\/a>\r\n\t\t\t\t\t\t\t\t\t\t\t<\/div>\r\n\t\t\t\t<\/div>\r\n\t\t\t<\/div>\r\n\r\n\t\t<\/div>\t\t\t\t<\/div>\r\n\t\t<\/div>\r\n\t[\/vc_column][\/vc_row][vc_row type=&#8221;in_container&#8221; bg_parallax=&#8221;&#8221; color_overlay=&#8221;&#8221; vu_equal_height_columns=&#8221;&#8221; row_id=&#8221;&#8221; el_class=&#8221;&#8221;][vc_column vu_vertical_align=&#8221;middle&#8221;]\t\t<header class=\"vu_heading vu_h-alignment-left\">\r\n\t\t\t<h2 class=\"vu_h-heading m-b-0\">INTERNATIONAL ROAD HAULAGE<\/h2>\r\n\r\n\t\t\t\t\t<\/header>\r\n\t[vc_column_text]In the world of international and domestic transport, speed, reliability and punctuality are key. Our company is not only focused on moving goods, but also on the success of our customers&#8217; businesses. Our aim is to ensure that every single shipment reaches its final destination smoothly and safely, whether it&#8217;s a cross-border international shipment or a domestic, local shipment.<\/p>\n<p>Our services ensure that all goods arrive at their destination on time and with the highest level of protection. We offer flexible, customised solutions to meet all customer needs, taking into account the type of shipment, distance and deadlines.<\/p>\n<p>We pride ourselves on providing the best solutions for our customers, and our freight forwarding services bring us one step closer to the success of your business with every kilometre we cover.[\/vc_column_text]\t\t<header class=\"vu_heading vu_h-alignment-left\">\r\n\t\t\t<h2 class=\"vu_h-heading m-b-0\">Delivery areas<\/h2>\r\n\r\n\t\t\t\t\t<\/header>\r\n\t[vc_row_inner][vc_column_inner width=&#8221;1\/3&#8243;][vc_column_text]<\/p>\n<ul class=\"vu_list-with-icon\" data-icon=\"\uf101\">\n<li>Austria<\/li>\n<li>Germany<\/li>\n<li>Belgium<\/li>\n<li>Italy<\/li>\n<li>Finland<\/li>\n<li>Poland<\/li>\n<\/ul>\n<p>[\/vc_column_text][\/vc_column_inner][vc_column_inner width=&#8221;1\/3&#8243;][vc_column_text]<\/p>\n<ul class=\"vu_list-with-icon\" data-icon=\"\uf101\">\n<li>The Netherlands<\/li>\n<li>England<\/li>\n<li>France<\/li>\n<li>Spain<\/li>\n<li>Estonia<\/li>\n<\/ul>\n<p>[\/vc_column_text][\/vc_column_inner][vc_column_inner width=&#8221;1\/3&#8243;][vc_column_text]<\/p>\n<ul class=\"vu_list-with-icon\" data-icon=\"\uf101\">\n<li>Portugal<\/li>\n<li>Denmark<\/li>\n<li>Romania<\/li>\n<li>Latvia<\/li>\n<li>Lithuania<\/li>\n<\/ul>\n<p>[\/vc_column_text][\/vc_column_inner][\/vc_row_inner][\/vc_column][\/vc_row][vc_row type=&#8221;in_container&#8221; bg_parallax=&#8221;true&#8221; vu_parallax_image=&#8221;330&#8243; color_overlay=&#8221;rgba(255,255,255,0.95)&#8221; vu_equal_height_columns=&#8221;&#8221; row_id=&#8221;&#8221; el_class=&#8221;&#8221; css=&#8221;.vc_custom_1463735776501{padding-right: 30px !important;padding-left: 30px !important;}&#8221;][vc_column vu_vertical_align=&#8221;middle&#8221;]\t\t<header class=\"vu_heading vu_h-alignment-center\">\r\n\t\t\t<h2 class=\"vu_h-heading\">Request a free quote<\/h2>\r\n\r\n\t\t\t\t\t\t\t<div class=\"vu_h-subheading\">\r\n\t\t\t\t\t<p>Our staff will contact you within 24 hours at one of the contact details provided!<\/p>\n\t\t\t\t<\/div>\r\n\t\t\t\t\t<\/header>\r\n\t\t\t<div class=\"vu_contact-form-7 vu_cf7-style-default clearfix\">\r\n\t\t\t<h5 class=\"vu_cf7-title\"><\/h5>\r\n\t\t\t\n<div class=\"wpcf7 no-js\" id=\"wpcf7-f1579-o1\" lang=\"hu-HU\" dir=\"ltr\" data-wpcf7-id=\"1579\">\n<div class=\"screen-reader-response\"><p role=\"status\" aria-live=\"polite\" aria-atomic=\"true\"><\/p> <ul><\/ul><\/div>\n<form action=\"\/en\/wp-json\/wp\/v2\/pages\/1556#wpcf7-f1579-o1\" method=\"post\" class=\"wpcf7-form init vu_cf7-frm\" aria-label=\"Kapcsolatfelv\u00e9teli \u0171rlap\" novalidate=\"novalidate\" data-status=\"init\">\n<fieldset class=\"hidden-fields-container\"><input type=\"hidden\" name=\"_wpcf7\" value=\"1579\" \/><input type=\"hidden\" name=\"_wpcf7_version\" value=\"6.1.5\" \/><input type=\"hidden\" name=\"_wpcf7_locale\" value=\"hu_HU\" \/><input type=\"hidden\" name=\"_wpcf7_unit_tag\" value=\"wpcf7-f1579-o1\" \/><input type=\"hidden\" name=\"_wpcf7_container_post\" value=\"0\" \/><input type=\"hidden\" name=\"_wpcf7_posted_data_hash\" value=\"\" \/><input type=\"hidden\" name=\"_wpcf7_recaptcha_response\" value=\"\" \/>\n<\/fieldset>\n<div class=\"row\">\n\t<div class=\"col-md-6 m-b-20\">\n\t\t<p><span class=\"wpcf7-form-control-wrap\" data-name=\"freight-type\"><select class=\"wpcf7-form-control wpcf7-select wpcf7-validates-as-required form-control\" aria-required=\"true\" aria-invalid=\"false\" name=\"freight-type\"><option value=\"Transport area\">Transport area<\/option><option value=\"International freight\">International freight<\/option><option value=\"Domestic freight\">Domestic freight<\/option><option value=\"Express transport\">Express transport<\/option><option value=\"Other\">Other<\/option><\/select><\/span><br \/>\n<span class=\"wpcf7-form-control-wrap\" data-name=\"departure-city\"><input size=\"40\" maxlength=\"400\" class=\"wpcf7-form-control wpcf7-text wpcf7-validates-as-required form-control\" aria-required=\"true\" aria-invalid=\"false\" placeholder=\"Departure location*\" value=\"\" type=\"text\" name=\"departure-city\" \/><\/span><br \/>\n<span class=\"wpcf7-form-control-wrap\" data-name=\"delivery-city\"><input size=\"40\" maxlength=\"400\" class=\"wpcf7-form-control wpcf7-text wpcf7-validates-as-required form-control\" aria-required=\"true\" aria-invalid=\"false\" placeholder=\"Delivery location*\" value=\"\" type=\"text\" name=\"delivery-city\" \/><\/span><br \/>\n<span class=\"wpcf7-form-control-wrap\" data-name=\"incoterms\"><select class=\"wpcf7-form-control wpcf7-select wpcf7-validates-as-required form-control\" aria-required=\"true\" aria-invalid=\"false\" name=\"incoterms\"><option value=\"Type of goods\">Type of goods<\/option><option value=\"Packaging materials\">Packaging materials<\/option><option value=\"Electronics\">Electronics<\/option><option value=\"Building materials\">Building materials<\/option><option value=\"Wood and paper\">Wood and paper<\/option><option value=\"Metal industry\">Metal industry<\/option><option value=\"Consumer goods\">Consumer goods<\/option><option value=\"Machinery\">Machinery<\/option><option value=\"Vehicle equipment\">Vehicle equipment<\/option><option value=\"Waste\">Waste<\/option><option value=\"Chemicals\">Chemicals<\/option><option value=\"Other\">Other<\/option><\/select><\/span><br \/>\n<span class=\"wpcf7-form-control-wrap\" data-name=\"weight\"><input size=\"40\" maxlength=\"400\" class=\"wpcf7-form-control wpcf7-text wpcf7-validates-as-required form-control\" aria-required=\"true\" aria-invalid=\"false\" placeholder=\"Shipment weight (KG)\" value=\"\" type=\"text\" name=\"weight\" \/><\/span><br \/>\n<span class=\"wpcf7-form-control-wrap\" data-name=\"dimension\"><input size=\"40\" maxlength=\"400\" class=\"wpcf7-form-control wpcf7-text form-control\" aria-invalid=\"false\" placeholder=\"Shipment size Length x Wind x High\" value=\"\" type=\"text\" name=\"dimension\" \/><\/span>\n\t\t<\/p>\n\t<\/div>\n\t<div class=\"col-md-6\">\n\t\t<p><span class=\"wpcf7-form-control-wrap\" data-name=\"names\"><input size=\"40\" maxlength=\"400\" class=\"wpcf7-form-control wpcf7-text wpcf7-validates-as-required form-control\" aria-required=\"true\" aria-invalid=\"false\" placeholder=\"Name *\" value=\"\" type=\"text\" name=\"names\" \/><\/span><br \/>\n<span class=\"wpcf7-form-control-wrap\" data-name=\"email\"><input size=\"40\" maxlength=\"400\" class=\"wpcf7-form-control wpcf7-email wpcf7-validates-as-required wpcf7-text wpcf7-validates-as-email form-control\" aria-required=\"true\" aria-invalid=\"false\" placeholder=\"E-mail *\" value=\"\" type=\"email\" name=\"email\" \/><\/span><br \/>\n<span class=\"wpcf7-form-control-wrap\" data-name=\"phone\"><input size=\"40\" maxlength=\"400\" class=\"wpcf7-form-control wpcf7-text wpcf7-validates-as-required form-control\" aria-required=\"true\" aria-invalid=\"false\" placeholder=\"Phone *\" value=\"\" type=\"text\" name=\"phone\" \/><\/span><br \/>\n<span class=\"wpcf7-form-control-wrap\" data-name=\"message\"><textarea cols=\"40\" rows=\"4\" maxlength=\"2000\" class=\"wpcf7-form-control wpcf7-textarea wpcf7-validates-as-required form-control\" aria-required=\"true\" aria-invalid=\"false\" placeholder=\"Message *\" name=\"message\"><\/textarea><\/span><br \/>\n<input class=\"wpcf7-form-control wpcf7-submit has-spinner btn btn-primary btn-sm btn-block\" type=\"submit\" value=\"Send request\" \/><br \/>\n<span class=\"wpcf7-form-control-wrap\" data-name=\"accept-this-1\"><span class=\"wpcf7-form-control wpcf7-acceptance\"><span class=\"wpcf7-list-item\"><input type=\"checkbox\" name=\"accept-this-1\" value=\"1\" aria-invalid=\"false\" \/><\/span><\/span><\/span> By submitting this message, I agree to the <a href=\"https:\/\/www.fortunaexpressz.hu\/adatkezeles\/\"> Privacy Policy <\/a>\n\t\t<\/p>\n\t<\/div>\n<\/div><div class=\"wpcf7-response-output\" aria-hidden=\"true\"><\/div>\n<\/form>\n<\/div>\n\t\t<\/div>\r\n\t[\/vc_column][\/vc_row]<\/p>\n<\/div>","protected":false},"excerpt":{"rendered":"<p>[vc_row type=&#8221;in_container&#8221; bg_parallax=&#8221;&#8221; color_overlay=&#8221;&#8221; vu_equal_height_columns=&#8221;&#8221; row_id=&#8221;&#8221; el_class=&#8221;&#8221;][vc_column vu_vertical_align=&#8221;middle&#8221;][\/vc_column][\/vc_row][vc_row type=&#8221;in_container&#8221; bg_parallax=&#8221;&#8221; color_overlay=&#8221;&#8221; vu_equal_height_columns=&#8221;&#8221; row_id=&#8221;&#8221; el_class=&#8221;&#8221;][vc_column vu_vertical_align=&#8221;middle&#8221;][vc_column_text]In the world of international and domestic transport, speed, reliability and punctuality are key. Our company is not only focused on moving goods, but also on the success of our customers&#8217; businesses. Our aim is to ensure that every single shipment [&hellip;]<\/p>\n","protected":false},"author":2,"featured_media":0,"parent":1566,"menu_order":0,"comment_status":"closed","ping_status":"closed","template":"","meta":{"_monsterinsights_skip_tracking":false,"_monsterinsights_sitenote_active":false,"_monsterinsights_sitenote_note":"","_monsterinsights_sitenote_category":0,"footnotes":""},"class_list":["post-1556","page","type-page","status-publish","hentry"],"yoast_head":"<!-- This site is optimized with the Yoast SEO plugin v27.4 - https:\/\/yoast.com\/product\/yoast-seo-wordpress\/ -->\n<title>Intervational delivery - Fortuna Expressz<\/title>\n<meta name=\"robots\" content=\"index, follow, max-snippet:-1, max-image-preview:large, max-video-preview:-1\" \/>\n<link rel=\"canonical\" href=\"https:\/\/www.fortunaexpressz.hu\/en\/services\/international-delivery\/\" \/>\n<meta property=\"og:locale\" content=\"en_US\" \/>\n<meta property=\"og:type\" content=\"article\" \/>\n<meta property=\"og:title\" content=\"Intervational delivery - Fortuna Expressz\" \/>\n<meta property=\"og:description\" content=\"[vc_row type=&#8221;in_container&#8221; bg_parallax=&#8221;&#8221; color_overlay=&#8221;&#8221; vu_equal_height_columns=&#8221;&#8221; row_id=&#8221;&#8221; el_class=&#8221;&#8221;][vc_column vu_vertical_align=&#8221;middle&#8221;][\/vc_column][\/vc_row][vc_row type=&#8221;in_container&#8221; bg_parallax=&#8221;&#8221; color_overlay=&#8221;&#8221; vu_equal_height_columns=&#8221;&#8221; row_id=&#8221;&#8221; el_class=&#8221;&#8221;][vc_column vu_vertical_align=&#8221;middle&#8221;][vc_column_text]In the world of international and domestic transport, speed, reliability and punctuality are key. Our company is not only focused on moving goods, but also on the success of our customers&#8217; businesses. Our aim is to ensure that every single shipment [&hellip;]\" \/>\n<meta property=\"og:url\" content=\"https:\/\/www.fortunaexpressz.hu\/en\/services\/international-delivery\/\" \/>\n<meta property=\"og:site_name\" content=\"Fortuna Expressz\" \/>\n<meta property=\"article:modified_time\" content=\"2024-12-16T12:15:09+00:00\" \/>\n<meta name=\"twitter:card\" content=\"summary_large_image\" \/>\n<meta name=\"twitter:label1\" content=\"Est. reading time\" \/>\n\t<meta name=\"twitter:data1\" content=\"1 minute\" \/>\n<script type=\"application\/ld+json\" class=\"yoast-schema-graph\">{\"@context\":\"https:\\\/\\\/schema.org\",\"@graph\":[{\"@type\":\"WebPage\",\"@id\":\"https:\\\/\\\/www.fortunaexpressz.hu\\\/en\\\/services\\\/international-delivery\\\/\",\"url\":\"https:\\\/\\\/www.fortunaexpressz.hu\\\/en\\\/services\\\/international-delivery\\\/\",\"name\":\"Intervational delivery - Fortuna Expressz\",\"isPartOf\":{\"@id\":\"https:\\\/\\\/www.fortunaexpressz.hu\\\/en\\\/#website\"},\"datePublished\":\"2016-05-20T09:15:57+00:00\",\"dateModified\":\"2024-12-16T12:15:09+00:00\",\"breadcrumb\":{\"@id\":\"https:\\\/\\\/www.fortunaexpressz.hu\\\/en\\\/services\\\/international-delivery\\\/#breadcrumb\"},\"inLanguage\":\"en-US\",\"potentialAction\":[{\"@type\":\"ReadAction\",\"target\":[\"https:\\\/\\\/www.fortunaexpressz.hu\\\/en\\\/services\\\/international-delivery\\\/\"]}]},{\"@type\":\"BreadcrumbList\",\"@id\":\"https:\\\/\\\/www.fortunaexpressz.hu\\\/en\\\/services\\\/international-delivery\\\/#breadcrumb\",\"itemListElement\":[{\"@type\":\"ListItem\",\"position\":1,\"name\":\"Home\",\"item\":\"https:\\\/\\\/www.fortunaexpressz.hu\\\/en\\\/\"},{\"@type\":\"ListItem\",\"position\":2,\"name\":\"Services\",\"item\":\"https:\\\/\\\/www.fortunaexpressz.hu\\\/en\\\/services\\\/\"},{\"@type\":\"ListItem\",\"position\":3,\"name\":\"Intervational delivery\"}]},{\"@type\":\"WebSite\",\"@id\":\"https:\\\/\\\/www.fortunaexpressz.hu\\\/en\\\/#website\",\"url\":\"https:\\\/\\\/www.fortunaexpressz.hu\\\/en\\\/\",\"name\":\"Fortuna Expressz\",\"description\":\"Nemzetk\u00f6zi \u00e9s belf\u00f6ldi fuvaroz\u00e1s\",\"publisher\":{\"@id\":\"https:\\\/\\\/www.fortunaexpressz.hu\\\/en\\\/#organization\"},\"potentialAction\":[{\"@type\":\"SearchAction\",\"target\":{\"@type\":\"EntryPoint\",\"urlTemplate\":\"https:\\\/\\\/www.fortunaexpressz.hu\\\/en\\\/?s={search_term_string}\"},\"query-input\":{\"@type\":\"PropertyValueSpecification\",\"valueRequired\":true,\"valueName\":\"search_term_string\"}}],\"inLanguage\":\"en-US\"},{\"@type\":\"Organization\",\"@id\":\"https:\\\/\\\/www.fortunaexpressz.hu\\\/en\\\/#organization\",\"name\":\"Fortuna Expressz\",\"url\":\"https:\\\/\\\/www.fortunaexpressz.hu\\\/en\\\/\",\"logo\":{\"@type\":\"ImageObject\",\"inLanguage\":\"en-US\",\"@id\":\"https:\\\/\\\/www.fortunaexpressz.hu\\\/en\\\/#\\\/schema\\\/logo\\\/image\\\/\",\"url\":\"https:\\\/\\\/www.fortunaexpressz.hu\\\/wp-content\\\/uploads\\\/2021\\\/08\\\/fortunaexpress-logo-bige.png\",\"contentUrl\":\"https:\\\/\\\/www.fortunaexpressz.hu\\\/wp-content\\\/uploads\\\/2021\\\/08\\\/fortunaexpress-logo-bige.png\",\"width\":600,\"height\":600,\"caption\":\"Fortuna Expressz\"},\"image\":{\"@id\":\"https:\\\/\\\/www.fortunaexpressz.hu\\\/en\\\/#\\\/schema\\\/logo\\\/image\\\/\"}}]}<\/script>\n<!-- \/ Yoast SEO plugin. -->","yoast_head_json":{"title":"Intervational delivery - Fortuna Expressz","robots":{"index":"index","follow":"follow","max-snippet":"max-snippet:-1","max-image-preview":"max-image-preview:large","max-video-preview":"max-video-preview:-1"},"canonical":"https:\/\/www.fortunaexpressz.hu\/en\/services\/international-delivery\/","og_locale":"en_US","og_type":"article","og_title":"Intervational delivery - Fortuna Expressz","og_description":"[vc_row type=&#8221;in_container&#8221; bg_parallax=&#8221;&#8221; color_overlay=&#8221;&#8221; vu_equal_height_columns=&#8221;&#8221; row_id=&#8221;&#8221; el_class=&#8221;&#8221;][vc_column vu_vertical_align=&#8221;middle&#8221;][\/vc_column][\/vc_row][vc_row type=&#8221;in_container&#8221; bg_parallax=&#8221;&#8221; color_overlay=&#8221;&#8221; vu_equal_height_columns=&#8221;&#8221; row_id=&#8221;&#8221; el_class=&#8221;&#8221;][vc_column vu_vertical_align=&#8221;middle&#8221;][vc_column_text]In the world of international and domestic transport, speed, reliability and punctuality are key. Our company is not only focused on moving goods, but also on the success of our customers&#8217; businesses. Our aim is to ensure that every single shipment [&hellip;]","og_url":"https:\/\/www.fortunaexpressz.hu\/en\/services\/international-delivery\/","og_site_name":"Fortuna Expressz","article_modified_time":"2024-12-16T12:15:09+00:00","twitter_card":"summary_large_image","twitter_misc":{"Est. reading time":"1 minute"},"schema":{"@context":"https:\/\/schema.org","@graph":[{"@type":"WebPage","@id":"https:\/\/www.fortunaexpressz.hu\/en\/services\/international-delivery\/","url":"https:\/\/www.fortunaexpressz.hu\/en\/services\/international-delivery\/","name":"Intervational delivery - Fortuna Expressz","isPartOf":{"@id":"https:\/\/www.fortunaexpressz.hu\/en\/#website"},"datePublished":"2016-05-20T09:15:57+00:00","dateModified":"2024-12-16T12:15:09+00:00","breadcrumb":{"@id":"https:\/\/www.fortunaexpressz.hu\/en\/services\/international-delivery\/#breadcrumb"},"inLanguage":"en-US","potentialAction":[{"@type":"ReadAction","target":["https:\/\/www.fortunaexpressz.hu\/en\/services\/international-delivery\/"]}]},{"@type":"BreadcrumbList","@id":"https:\/\/www.fortunaexpressz.hu\/en\/services\/international-delivery\/#breadcrumb","itemListElement":[{"@type":"ListItem","position":1,"name":"Home","item":"https:\/\/www.fortunaexpressz.hu\/en\/"},{"@type":"ListItem","position":2,"name":"Services","item":"https:\/\/www.fortunaexpressz.hu\/en\/services\/"},{"@type":"ListItem","position":3,"name":"Intervational delivery"}]},{"@type":"WebSite","@id":"https:\/\/www.fortunaexpressz.hu\/en\/#website","url":"https:\/\/www.fortunaexpressz.hu\/en\/","name":"Fortuna Expressz","description":"Nemzetk\u00f6zi \u00e9s belf\u00f6ldi fuvaroz\u00e1s","publisher":{"@id":"https:\/\/www.fortunaexpressz.hu\/en\/#organization"},"potentialAction":[{"@type":"SearchAction","target":{"@type":"EntryPoint","urlTemplate":"https:\/\/www.fortunaexpressz.hu\/en\/?s={search_term_string}"},"query-input":{"@type":"PropertyValueSpecification","valueRequired":true,"valueName":"search_term_string"}}],"inLanguage":"en-US"},{"@type":"Organization","@id":"https:\/\/www.fortunaexpressz.hu\/en\/#organization","name":"Fortuna Expressz","url":"https:\/\/www.fortunaexpressz.hu\/en\/","logo":{"@type":"ImageObject","inLanguage":"en-US","@id":"https:\/\/www.fortunaexpressz.hu\/en\/#\/schema\/logo\/image\/","url":"https:\/\/www.fortunaexpressz.hu\/wp-content\/uploads\/2021\/08\/fortunaexpress-logo-bige.png","contentUrl":"https:\/\/www.fortunaexpressz.hu\/wp-content\/uploads\/2021\/08\/fortunaexpress-logo-bige.png","width":600,"height":600,"caption":"Fortuna Expressz"},"image":{"@id":"https:\/\/www.fortunaexpressz.hu\/en\/#\/schema\/logo\/image\/"}}]}},"_links":{"self":[{"href":"https:\/\/www.fortunaexpressz.hu\/en\/wp-json\/wp\/v2\/pages\/1556","targetHints":{"allow":["GET"]}}],"collection":[{"href":"https:\/\/www.fortunaexpressz.hu\/en\/wp-json\/wp\/v2\/pages"}],"about":[{"href":"https:\/\/www.fortunaexpressz.hu\/en\/wp-json\/wp\/v2\/types\/page"}],"author":[{"embeddable":true,"href":"https:\/\/www.fortunaexpressz.hu\/en\/wp-json\/wp\/v2\/users\/2"}],"replies":[{"embeddable":true,"href":"https:\/\/www.fortunaexpressz.hu\/en\/wp-json\/wp\/v2\/comments?post=1556"}],"version-history":[{"count":7,"href":"https:\/\/www.fortunaexpressz.hu\/en\/wp-json\/wp\/v2\/pages\/1556\/revisions"}],"predecessor-version":[{"id":1801,"href":"https:\/\/www.fortunaexpressz.hu\/en\/wp-json\/wp\/v2\/pages\/1556\/revisions\/1801"}],"up":[{"embeddable":true,"href":"https:\/\/www.fortunaexpressz.hu\/en\/wp-json\/wp\/v2\/pages\/1566"}],"wp:attachment":[{"href":"https:\/\/www.fortunaexpressz.hu\/en\/wp-json\/wp\/v2\/media?parent=1556"}],"curies":[{"name":"wp","href":"https:\/\/api.w.org\/{rel}","templated":true}]}}